{"id":148,"date":"2017-02-17T12:00:51","date_gmt":"2017-02-17T12:00:51","guid":{"rendered":"http:\/\/webriti.com\/demo\/wp\/lite\/rambo\/?page_id=148"},"modified":"2018-10-30T16:09:27","modified_gmt":"2018-10-30T15:09:27","slug":"easy-to-use","status":"publish","type":"page","link":"https:\/\/appartdivercity.com\/?page_id=148","title":{"rendered":"Des services \u00e0 la carte pour vous faciliter la Vie !"},"content":{"rendered":"<p><font color= \"fcbf00\"><strong>LES SERVICES \u00ab \u00c0 LA CARTE\u00a0\u00bb<\/strong><\/font><\/p>\n<p>Un r\u00e9gisseur log\u00e9 sur place, qui facilite le quotidien de chacun;<\/p>\n<p>Conciergerie\u00a0: r\u00e9ception du courrier, de colis, photocopies, r\u00e9servation de restaurant, de spectacle, services \u00e0 domicile etc\u2026<\/p>\n<p><font color= \"fcbf00\"><strong>C\u2019 EST AUSSI LA POSSIBILIT\u00c9\u00a0:<\/strong><\/font><\/p>\n<ul>\n<li>D\u2019acc\u00e9der au restaurant des <strong><a href=\"http:\/\/www.vallisclausa.com\/maison_du_soleil\">\u00ab Maisons du Soleil\u00a0\u00bb<\/a> <\/strong>situ\u00e9 \u00e0 moins de <a href=\"http:\/\/appartdivercity.com\/wp-content\/uploads\/2018\/10\/map-restaurant.png\">10 minutes \u00e0 pieds\u00a0de la r\u00e9sidence\u00a0<\/a>pour le d\u00e9jeuner et\/ou le d\u00eener sur r\u00e9servation<\/li>\n<li>D\u2019y inviter famille et\/ou amis, pour des \u00e9v\u00e9nements.<\/li>\n<li>De b\u00e9n\u00e9ficier d\u2019un service d\u2019accompagnement au supermarch\u00e9 local.<\/li>\n<li>De participer aux animations propos\u00e9es par l\u2019\u00e9tablissement, plut\u00f4t destin\u00e9es aux retrait\u00e9s;Gymnastique douce, loto, ludoth\u00e8que, biblioth\u00e8que, th\u00e9 dansant, jeux de boules et autres etc\u2026<\/li>\n<\/ul>\n<blockquote><p>\n<font color= \"fcbf00\"><\/p>\n<p style=\"text-align: center;\"><strong>TOUT EST PROPOS\u00c9, RIEN N\u2019EST IMPOS\u00c9<\/strong><\/font><\/p>\n<\/blockquote>\n<div id=\"panel-148-0-0-1\" class=\"so-panel widget widget_text panel-last-child\" data-index=\"1\" data-style=\"{&quot;background_image_attachment&quot;:false,&quot;background_display&quot;:&quot;tile&quot;}\">\n<div class=\"textwidget\">\n<blockquote><p>\u00a0\u00a0<img loading=\"lazy\" class=\"wp-image-465 size-thumbnail alignnone alignleft\" src=\"http:\/\/appartdivercity.com\/wp-content\/uploads\/2018\/10\/gym-equilibre-senior-150x150.jpg\" alt=\"\" width=\"150\" height=\"150\" srcset=\"https:\/\/appartdivercity.com\/wp-content\/uploads\/2018\/10\/gym-equilibre-senior-150x150.jpg 150w, https:\/\/appartdivercity.com\/wp-content\/uploads\/2018\/10\/gym-equilibre-senior-300x300.jpg 300w\" sizes=\"(max-width: 150px) 100vw, 150px\" \/>\u00a0 \u00a0<img loading=\"lazy\" class=\"wp-image-452 alignnone alignleft\" src=\"http:\/\/appartdivercity.com\/wp-content\/uploads\/2018\/10\/11688795-300x168.jpg\" alt=\"\" width=\"267\" height=\"150\" srcset=\"https:\/\/appartdivercity.com\/wp-content\/uploads\/2018\/10\/11688795-300x168.jpg 300w, https:\/\/appartdivercity.com\/wp-content\/uploads\/2018\/10\/11688795-768x431.jpg 768w, https:\/\/appartdivercity.com\/wp-content\/uploads\/2018\/10\/11688795-1024x575.jpg 1024w, https:\/\/appartdivercity.com\/wp-content\/uploads\/2018\/10\/11688795.jpg 1500w\" sizes=\"(max-width: 267px) 100vw, 267px\" \/>\u00a0 \u00a0<img loading=\"lazy\" class=\"wp-image-455 size-thumbnail alignnone alignleft\" src=\"http:\/\/appartdivercity.com\/wp-content\/uploads\/2018\/10\/ozange-visuel-aide-a-la-personne-offre-accompagnement-courses2-150x150.jpg\" alt=\"\" width=\"150\" height=\"150\" srcset=\"https:\/\/appartdivercity.com\/wp-content\/uploads\/2018\/10\/ozange-visuel-aide-a-la-personne-offre-accompagnement-courses2-150x150.jpg 150w, https:\/\/appartdivercity.com\/wp-content\/uploads\/2018\/10\/ozange-visuel-aide-a-la-personne-offre-accompagnement-courses2-300x300.jpg 300w\" sizes=\"(max-width: 150px) 100vw, 150px\" \/><\/p><\/blockquote>\n<\/div>\n<\/div>\n","protected":false},"excerpt":{"rendered":"<p>LES SERVICES \u00ab \u00c0 LA CARTE\u00a0\u00bb Un r\u00e9gisseur log\u00e9 sur place, qui facilite le quotidien de chacun; Conciergerie\u00a0: r\u00e9ception du [&hellip;]<\/p>\n","protected":false},"author":1,"featured_media":0,"parent":0,"menu_order":0,"comment_status":"closed","ping_status":"closed","template":"","meta":[],"_links":{"self":[{"href":"https:\/\/appartdivercity.com\/index.php?rest_route=\/wp\/v2\/pages\/148"}],"collection":[{"href":"https:\/\/appartdivercity.com\/index.php?rest_route=\/wp\/v2\/pages"}],"about":[{"href":"https:\/\/appartdivercity.com\/index.php?rest_route=\/wp\/v2\/types\/page"}],"author":[{"embeddable":true,"href":"https:\/\/appartdivercity.com\/index.php?rest_route=\/wp\/v2\/users\/1"}],"replies":[{"embeddable":true,"href":"https:\/\/appartdivercity.com\/index.php?rest_route=%2Fwp%2Fv2%2Fcomments&post=148"}],"version-history":[{"count":72,"href":"https:\/\/appartdivercity.com\/index.php?rest_route=\/wp\/v2\/pages\/148\/revisions"}],"predecessor-version":[{"id":519,"href":"https:\/\/appartdivercity.com\/index.php?rest_route=\/wp\/v2\/pages\/148\/revisions\/519"}],"wp:attachment":[{"href":"https:\/\/appartdivercity.com\/index.php?rest_route=%2Fwp%2Fv2%2Fmedia&parent=148"}],"curies":[{"name":"wp","href":"https:\/\/api.w.org\/{rel}","templated":true}]}}