{"id":6,"date":"2015-12-17T07:17:45","date_gmt":"2015-12-17T07:17:45","guid":{"rendered":"http:\/\/webriti.com\/demo\/wp\/lite\/rambo\/?page_id=6"},"modified":"2021-03-23T17:53:39","modified_gmt":"2021-03-23T16:53:39","slug":"home","status":"publish","type":"page","link":"https:\/\/appartdivercity.com\/","title":{"rendered":"R\u00e9sidence inter-g\u00e9n\u00e9ration"},"content":{"rendered":"<div id=\"pl-6\"  class=\"panel-layout\" ><div id=\"pg-6-0\"  class=\"panel-grid panel-no-style\" ><div id=\"pgc-6-0-0\"  class=\"panel-grid-cell\" ><div id=\"panel-6-0-0-0\" class=\"so-panel widget widget_text panel-first-child panel-last-child\" data-index=\"0\" ><div class=\"flash_inherit_color panel-widget-style panel-widget-style-for-6-0-0-0\" ><h3 class=\"widget-title\">Le concept Appart\u2019Divercity c\u2019est l\u2019Interg\u00e9n\u00e9rationnel.<\/h3>\t\t\t<div class=\"textwidget\"><p>&nbsp;<\/p>\n<p>Cette volont\u00e9 de faire vivre ensemble jeunes adultes et jeunes seniors est non seulement dans l\u2019air du temps,\u00a0mais correspond<\/p>\n<p>aux valeurs fondamentales de l\u2019association <a href=\"https:\/\/vallisclausa.com\/\"><strong>Vallis Clausa,<\/strong><\/a> gestionnaire,\u00a0et de la Municipalit\u00e9 de Pertuis, \u00e0 l\u2019origine du projet.<\/p>\n<p><strong><a href=\"http:\/\/appartdivercity.com\/\">Cette r\u00e9sidence \u00ab Nouvelle G\u00e9n\u00e9ration \u00bb<\/a><\/strong>est lieu de partage simple et convivial et prend en compte les besoins sp\u00e9cifiques de chacun avec un souci de budget ma\u00eetris\u00e9 .<\/p>\n<p><strong>Ici, vous ne trouverez pas de charges collectives inutiles.\u00a0<\/strong><\/p>\n<p><strong> A partir d\u2019une conciergerie ouverte 6J\/7, un ensemble de services \u00e0 la carte vous est propos\u00e9, libert\u00e9 est donn\u00e9e \u00e0 chaque locataire de les utiliser ou pas \u2026<\/strong><\/p>\n<\/div>\n\t\t<\/div><\/div><\/div><\/div><div id=\"pg-6-1\"  class=\"panel-grid panel-no-style\" ><div id=\"pgc-6-1-0\"  class=\"panel-grid-cell\" ><div id=\"panel-6-1-0-0\" class=\"so-panel widget widget_text panel-first-child\" data-index=\"1\" ><div class=\"flash_inherit_color panel-widget-style panel-widget-style-for-6-1-0-0\" ><h3 class=\"widget-title\">La r\u00e9sidence Appart\u2019Divercity \u00ab Les Escourts \u00bb<\/h3>\t\t\t<div class=\"textwidget\"><p>Est id\u00e9alement situ\u00e9e s\u2019int\u00e8gre parfaitement aux fontaines, placettes, et portes \ufb02euries avoisinantes.<\/p>\n<p>Outre son march\u00e9 typique o\u00f9 se c\u00f4toient les produits du terroir riches en fruits et l\u00e9gumes et autres vins et huiles AOC, on y trouve de nombreux commerces de centre ville accessibles \u00e0 pied.<\/p>\n<p><a href=\"http:\/\/appartdivercity.com\/?page_id=228\">INFO &amp; TARIFS<\/a> &#8211; <a href=\"http:\/\/appartdivercity.com\/?page_id=552\">CONTACT &amp; R\u00c9SERVATION<\/a><\/p>\n<p>&nbsp;<\/p>\n<\/div>\n\t\t<\/div><\/div><div id=\"panel-6-1-0-1\" class=\"so-panel widget widget_media_gallery panel-last-child\" data-index=\"2\" ><div id='gallery-1' class='gallery galleryid-0 gallery-columns-3 gallery-size-full'><figure class='gallery-item'>\n\t\t\t<div class='gallery-icon landscape'>\n\t\t\t\t<a href='https:\/\/appartdivercity.com\/?attachment_id=284'><img width=\"500\" height=\"334\" src=\"https:\/\/appartdivercity.com\/wp-content\/uploads\/2018\/10\/fotolia_193404192.jpg\" class=\"attachment-full size-full\" alt=\"Appatr&#039;TDivercity la vie inter-g\u00e9n\u00e9ration\" loading=\"lazy\" srcset=\"https:\/\/appartdivercity.com\/wp-content\/uploads\/2018\/10\/fotolia_193404192.jpg 500w, https:\/\/appartdivercity.com\/wp-content\/uploads\/2018\/10\/fotolia_193404192-300x200.jpg 300w\" sizes=\"(max-width: 500px) 100vw, 500px\" \/><\/a>\n\t\t\t<\/div><\/figure><figure class='gallery-item'>\n\t\t\t<div class='gallery-icon landscape'>\n\t\t\t\t<a href='https:\/\/appartdivercity.com\/?attachment_id=352'><img width=\"4032\" height=\"2688\" src=\"https:\/\/appartdivercity.com\/wp-content\/uploads\/2018\/10\/AppartDivercityIMG_1333_R-1-e1540838981282.jpg\" class=\"attachment-full size-full\" alt=\"Les Escours location Pertuis\" loading=\"lazy\" \/><\/a>\n\t\t\t<\/div><\/figure><figure class='gallery-item'>\n\t\t\t<div class='gallery-icon landscape'>\n\t\t\t\t<a href='https:\/\/appartdivercity.com\/?attachment_id=283'><img width=\"500\" height=\"334\" src=\"https:\/\/appartdivercity.com\/wp-content\/uploads\/2018\/10\/fotolia_75706617.jpg\" class=\"attachment-full size-full\" alt=\"Vivre \u00e0 Pertuis\" loading=\"lazy\" srcset=\"https:\/\/appartdivercity.com\/wp-content\/uploads\/2018\/10\/fotolia_75706617.jpg 500w, https:\/\/appartdivercity.com\/wp-content\/uploads\/2018\/10\/fotolia_75706617-300x200.jpg 300w\" sizes=\"(max-width: 500px) 100vw, 500px\" \/><\/a>\n\t\t\t<\/div><\/figure>\n\t\t<\/div>\n<\/div><\/div><\/div><\/div>","protected":false},"excerpt":{"rendered":"<p>&nbsp; Cette volont\u00e9 de faire vivre ensemble jeunes adultes et jeunes seniors est non seulement dans l\u2019air du temps,\u00a0mais correspond [&hellip;]<\/p>\n","protected":false},"author":1,"featured_media":76,"parent":0,"menu_order":0,"comment_status":"closed","ping_status":"closed","template":"page-templates\/pagebuilder.php","meta":[],"_links":{"self":[{"href":"https:\/\/appartdivercity.com\/index.php?rest_route=\/wp\/v2\/pages\/6"}],"collection":[{"href":"https:\/\/appartdivercity.com\/index.php?rest_route=\/wp\/v2\/pages"}],"about":[{"href":"https:\/\/appartdivercity.com\/index.php?rest_route=\/wp\/v2\/types\/page"}],"author":[{"embeddable":true,"href":"https:\/\/appartdivercity.com\/index.php?rest_route=\/wp\/v2\/users\/1"}],"replies":[{"embeddable":true,"href":"https:\/\/appartdivercity.com\/index.php?rest_route=%2Fwp%2Fv2%2Fcomments&post=6"}],"version-history":[{"count":33,"href":"https:\/\/appartdivercity.com\/index.php?rest_route=\/wp\/v2\/pages\/6\/revisions"}],"predecessor-version":[{"id":318,"href":"https:\/\/appartdivercity.com\/index.php?rest_route=\/wp\/v2\/pages\/6\/revisions\/318"}],"wp:featuredmedia":[{"embeddable":true,"href":"https:\/\/appartdivercity.com\/index.php?rest_route=\/wp\/v2\/media\/76"}],"wp:attachment":[{"href":"https:\/\/appartdivercity.com\/index.php?rest_route=%2Fwp%2Fv2%2Fmedia&parent=6"}],"curies":[{"name":"wp","href":"https:\/\/api.w.org\/{rel}","templated":true}]}}